{"id":18459,"date":"2022-07-19T12:16:38","date_gmt":"2022-07-19T12:16:38","guid":{"rendered":"https:\/\/oktoberfest.zuerich\/wp\/?page_id=18459"},"modified":"2022-08-24T13:19:07","modified_gmt":"2022-08-24T13:19:07","slug":"agb","status":"publish","type":"page","link":"https:\/\/oktoberfest.zuerich\/wp\/agb\/","title":{"rendered":"AGB"},"content":{"rendered":"\t\t<div data-elementor-type=\"wp-page\" data-elementor-id=\"18459\" class=\"elementor elementor-18459\">\n\t\t\t\t\t\t\t\t\t<section class=\"ob-is-breaking-bad elementor-section elementor-top-section elementor-element elementor-element-fb8e5f0 elementor-section-boxed elementor-section-height-default elementor-section-height-default\" data-id=\"fb8e5f0\" data-element_type=\"section\" data-settings=\"{&quot;_ob_bbad_use_it&quot;:&quot;yes&quot;,&quot;_ob_bbad_sssic_use&quot;:&quot;no&quot;,&quot;_ob_glider_is_slider&quot;:&quot;no&quot;}\">\n\t\t\t\t\t\t<div class=\"elementor-container elementor-column-gap-default\">\n\t\t\t\t\t<div class=\"elementor-column elementor-col-100 elementor-top-column elementor-element elementor-element-a61d9d4\" data-id=\"a61d9d4\" data-element_type=\"column\" data-settings=\"{&quot;_ob_bbad_is_stalker&quot;:&quot;no&quot;,&quot;_ob_teleporter_use&quot;:false,&quot;_ob_column_hoveranimator&quot;:&quot;no&quot;,&quot;_ob_column_has_pseudo&quot;:&quot;no&quot;}\">\n\t\t\t<div class=\"elementor-widget-wrap elementor-element-populated\">\n\t\t\t\t\t\t\t\t<div class=\"elementor-element elementor-element-998a698 ob-harakiri-inherit ob-has-background-overlay elementor-widget elementor-widget-text-editor\" data-id=\"998a698\" data-element_type=\"widget\" data-settings=\"{&quot;_ob_use_harakiri&quot;:&quot;yes&quot;,&quot;_ob_harakiri_writing_mode&quot;:&quot;inherit&quot;,&quot;_ob_postman_use&quot;:&quot;no&quot;,&quot;_ob_perspektive_use&quot;:&quot;no&quot;,&quot;_ob_poopart_use&quot;:&quot;yes&quot;,&quot;_ob_shadough_use&quot;:&quot;no&quot;,&quot;_ob_allow_hoveranimator&quot;:&quot;no&quot;,&quot;_ob_widget_stalker_use&quot;:&quot;no&quot;}\" data-widget_type=\"text-editor.default\">\n\t\t\t\t<div class=\"elementor-widget-container\">\n\t\t\t<style>\/*! elementor - v3.9.1 - 14-12-2022 *\/\n.elementor-widget-text-editor.elementor-drop-cap-view-stacked .elementor-drop-cap{background-color:#818a91;color:#fff}.elementor-widget-text-editor.elementor-drop-cap-view-framed .elementor-drop-cap{color:#818a91;border:3px solid;background-color:transparent}.elementor-widget-text-editor:not(.elementor-drop-cap-view-default) .elementor-drop-cap{margin-top:8px}.elementor-widget-text-editor:not(.elementor-drop-cap-view-default) .elementor-drop-cap-letter{width:1em;height:1em}.elementor-widget-text-editor .elementor-drop-cap{float:left;text-align:center;line-height:1;font-size:50px}.elementor-widget-text-editor .elementor-drop-cap-letter{display:inline-block}<\/style>\t\t\t\t<p><strong>1) Allgemeines<\/strong><\/p><p>Alle zustande kommenden Vertr\u00e4ge erfolgen durch Einverst\u00e4ndniserkl\u00e4rung der untenstehenden Allgemeinen Gesch\u00e4ftsbedingungen. Abweichung oder \u00c4nderungen der AGBs m\u00fcssen schriftlich festgehalten und von beiden Parteien akzeptiert werden.<\/p><p><strong>2) Gew\u00e4hrleistung<\/strong><\/p><p>Die Holenstein Gastro AG verpflichtet sich zur Sorgfalt und liefert nur intakte Ware. Sollte es zu einer Mangellieferung kommen wird diese durch gleiche Gattung ausgetauscht. Es gelten die Bestimmungen des OR. Von der Gew\u00e4hrleistung ausgeschlossen sind M\u00e4ngel und St\u00f6rungen, die Holenstein Gastro AG nicht zu vertreten hat. Darunter fallen nat\u00fcrliche Abn\u00fctzung, h\u00f6here Gewalt, unsachgem\u00e4sse Behandlung.<\/p><p><b>3) Bestellungen \/ Vertrag<\/b><\/p><p>Der Vertrag kommt durch das Wahrheitsgetreue Ausf\u00fcllen der Onlineformulare, Absenden einer Bestellung im Onlineshop, sowie akzeptieren der AGBs zustande. Der Kunde bekommt eine automatisch generierte Best\u00e4tigung per Email.<\/p><p><strong>4) Preise, Zahlungs- und Lieferbedingungen<\/strong><\/p><p>a. Versand &amp; Abholung<\/p><p>Der Versand der Ware erfolgt als Download nach Zahlungseingang. Wir bem\u00fchen uns alle Warenbest\u00e4nde aktuell zu halten um keine Lieferverz\u00f6gerungen aufkommen zu lassen. Sollte es trotzdem zu einer Artikelanpassung kommen, wird dies dem Kunden mitgeteilt, und es steht ihm frei vom Vertrag zur\u00fcckzutreten. Holenstein Gastro \u00fcbernimmt keine Gew\u00e4hrleistung f\u00fcr Artikelbeschreibungen Dritter.<\/p><p>b. Preise<\/p><p>Alle Preise verstehen sich inkl. der gesetzlichen MwSt. in CHF. Es gelten jeweils die Preise zum Zeitpunkt der Bestellung.<\/p><p>c. Zahlungsarten<\/p><p>Die Zahlung erfolgt beim Check out per Kreditkarte\/Paypal.\u00a0<\/p><p><strong>5) Pr\u00fcfpflicht<\/strong><\/p><p>Alle Produkte der Holenstein Gastro AG sind durch den K\u00e4ufer unverz\u00fcglich auf Fehler, M\u00e4ngel und Vollst\u00e4ndigkeit zu pr\u00fcfen. Reklamationen werden nur innerhalb einer Woche nach Erhalt akzeptiert.<\/p><p><strong>6) Haftungsbeschr\u00e4nkung<\/strong><\/p><p>Holenstein Gastro AG gew\u00e4hrt gesetzliche Gew\u00e4hrleistungsbestimmungen gem\u00e4ss Art. 197 ff. OR. Weitere Haftung, durch unsachgem\u00e4ssen Nutzung, Lagerung, sowie Folgesch\u00e4den sind ausgeschlossen.<\/p><p><strong>7) Datenschutz<\/strong><\/p><p>Alle gesammelten Daten dienen nur zum Abschluss des Vertrages und werden nicht ohne expliziten Erlaubnis des Kunden weitergeleitet. Eine Weiterleitung der Daten wird nur veranlasst, wenn es zum Abschluss des Vertrages notwendig ist.<\/p><p><strong>8) Erf\u00fcllungsort und Gerichtsstand<\/strong><\/p><p>Alle zustande kommenden Vertr\u00e4ge zwischen dem K\u00e4ufer und Verk\u00e4ufer (Holenstein Gastro AG) unterliegen dem schweizerischen Recht. Gerichtsstand ist Z\u00fcrich, Kanton Z\u00fcrich, Schweiz, Sitz der Holenstein Gastro AG.<\/p>\t\t\t\t\t\t<\/div>\n\t\t\t\t<\/div>\n\t\t\t\t\t<\/div>\n\t\t<\/div>\n\t\t\t\t\t\t\t<\/div>\n\t\t<\/section>\n\t\t\t\t\t\t\t<\/div>\n\t\t","protected":false},"excerpt":{"rendered":"<p>1) Allgemeines Alle zustande kommenden Vertr\u00e4ge erfolgen durch Einverst\u00e4ndniserkl\u00e4rung der untenstehenden Allgemeinen Gesch\u00e4ftsbedingungen. Abweichung oder \u00c4nderungen der AGBs m\u00fcssen schriftlich festgehalten und von beiden Parteien akzeptiert werden. 2) Gew\u00e4hrleistung Die Holenstein Gastro AG verpflichtet sich zur Sorgfalt und liefert nur intakte Ware. Sollte es zu einer Mangellieferung kommen wird diese durch gleiche Gattung ausgetauscht. Es [&hellip;]<\/p>\n","protected":false},"author":1,"featured_media":0,"parent":0,"menu_order":0,"comment_status":"closed","ping_status":"closed","template":"","meta":{"_mi_skip_tracking":false},"_links":{"self":[{"href":"https:\/\/oktoberfest.zuerich\/wp\/wp-json\/wp\/v2\/pages\/18459"}],"collection":[{"href":"https:\/\/oktoberfest.zuerich\/wp\/wp-json\/wp\/v2\/pages"}],"about":[{"href":"https:\/\/oktoberfest.zuerich\/wp\/wp-json\/wp\/v2\/types\/page"}],"author":[{"embeddable":true,"href":"https:\/\/oktoberfest.zuerich\/wp\/wp-json\/wp\/v2\/users\/1"}],"replies":[{"embeddable":true,"href":"https:\/\/oktoberfest.zuerich\/wp\/wp-json\/wp\/v2\/comments?post=18459"}],"version-history":[{"count":16,"href":"https:\/\/oktoberfest.zuerich\/wp\/wp-json\/wp\/v2\/pages\/18459\/revisions"}],"predecessor-version":[{"id":18688,"href":"https:\/\/oktoberfest.zuerich\/wp\/wp-json\/wp\/v2\/pages\/18459\/revisions\/18688"}],"wp:attachment":[{"href":"https:\/\/oktoberfest.zuerich\/wp\/wp-json\/wp\/v2\/media?parent=18459"}],"curies":[{"name":"wp","href":"https:\/\/api.w.org\/{rel}","templated":true}]}}